{"id":11,"date":"2024-10-14T08:18:59","date_gmt":"2024-10-14T06:18:59","guid":{"rendered":"https:\/\/psychotherapie-gruenwald.de\/site\/?page_id=11"},"modified":"2024-10-17T12:28:44","modified_gmt":"2024-10-17T10:28:44","slug":"impressum","status":"publish","type":"page","link":"https:\/\/psychotherapie-gruenwald.de\/site\/impressum\/","title":{"rendered":"Impressum"},"content":{"rendered":"\n<p>Psychotherapuetische Praxis Dr. Julia Gr\u00fcnwald<br>Dr. rer. nat. Julia Gr\u00fcnwald<br>07024 2981<br>info@psychotherapie-gruenwald.de<br>Pfauhauser Str. 26<br>73240 Wendlingen<\/p>\n\n\n\n<p><\/p>\n","protected":false},"excerpt":{"rendered":"<p>Psychotherapuetische Praxis Dr. Julia Gr\u00fcnwaldDr. rer. nat. Julia Gr\u00fcnwald07024 2981info@psychotherapie-gruenwald.dePfauhauser Str. 2673240 Wendlingen<\/p>\n","protected":false},"author":1,"featured_media":0,"parent":0,"menu_order":0,"comment_status":"closed","ping_status":"closed","template":"","meta":{"footnotes":""},"class_list":["post-11","page","type-page","status-publish","hentry","entry"],"yoast_head":"<!-- This site is optimized with the Yoast SEO plugin v24.0 - https:\/\/yoast.com\/wordpress\/plugins\/seo\/ -->\n<title>Impressum - Psychotherapeutische Praxis Dr. Julia Gr\u00fcnwald<\/title>\n<meta name=\"robots\" content=\"index, follow, max-snippet:-1, max-image-preview:large, max-video-preview:-1\" \/>\n<link rel=\"canonical\" href=\"https:\/\/psychotherapie-gruenwald.de\/site\/impressum\/\" \/>\n<meta property=\"og:locale\" content=\"de_DE\" \/>\n<meta property=\"og:type\" content=\"article\" \/>\n<meta property=\"og:title\" content=\"Impressum - Psychotherapeutische Praxis Dr. Julia Gr\u00fcnwald\" \/>\n<meta property=\"og:description\" content=\"Psychotherapuetische Praxis Dr. Julia Gr\u00fcnwaldDr. rer. nat. Julia Gr\u00fcnwald07024 2981info@psychotherapie-gruenwald.dePfauhauser Str. 2673240 Wendlingen\" \/>\n<meta property=\"og:url\" content=\"https:\/\/psychotherapie-gruenwald.de\/site\/impressum\/\" \/>\n<meta property=\"og:site_name\" content=\"Psychotherapeutische Praxis Dr. Julia Gr\u00fcnwald\" \/>\n<meta property=\"article:modified_time\" content=\"2024-10-17T10:28:44+00:00\" \/>\n<meta name=\"twitter:card\" content=\"summary_large_image\" \/>\n<script type=\"application\/ld+json\" class=\"yoast-schema-graph\">{\"@context\":\"https:\/\/schema.org\",\"@graph\":[{\"@type\":\"WebPage\",\"@id\":\"https:\/\/psychotherapie-gruenwald.de\/site\/impressum\/\",\"url\":\"https:\/\/psychotherapie-gruenwald.de\/site\/impressum\/\",\"name\":\"Impressum - Psychotherapeutische Praxis Dr. Julia Gr\u00fcnwald\",\"isPartOf\":{\"@id\":\"https:\/\/psychotherapie-gruenwald.de\/site\/#website\"},\"datePublished\":\"2024-10-14T06:18:59+00:00\",\"dateModified\":\"2024-10-17T10:28:44+00:00\",\"breadcrumb\":{\"@id\":\"https:\/\/psychotherapie-gruenwald.de\/site\/impressum\/#breadcrumb\"},\"inLanguage\":\"de\",\"potentialAction\":[{\"@type\":\"ReadAction\",\"target\":[\"https:\/\/psychotherapie-gruenwald.de\/site\/impressum\/\"]}]},{\"@type\":\"BreadcrumbList\",\"@id\":\"https:\/\/psychotherapie-gruenwald.de\/site\/impressum\/#breadcrumb\",\"itemListElement\":[{\"@type\":\"ListItem\",\"position\":1,\"name\":\"Startseite\",\"item\":\"https:\/\/psychotherapie-gruenwald.de\/site\/\"},{\"@type\":\"ListItem\",\"position\":2,\"name\":\"Impressum\"}]},{\"@type\":\"WebSite\",\"@id\":\"https:\/\/psychotherapie-gruenwald.de\/site\/#website\",\"url\":\"https:\/\/psychotherapie-gruenwald.de\/site\/\",\"name\":\"Psychotherapeutische Praxis Dr. Julia Gr\u00fcnwald\",\"description\":\"\",\"publisher\":{\"@id\":\"https:\/\/psychotherapie-gruenwald.de\/site\/#organization\"},\"potentialAction\":[{\"@type\":\"SearchAction\",\"target\":{\"@type\":\"EntryPoint\",\"urlTemplate\":\"https:\/\/psychotherapie-gruenwald.de\/site\/?s={search_term_string}\"},\"query-input\":{\"@type\":\"PropertyValueSpecification\",\"valueRequired\":true,\"valueName\":\"search_term_string\"}}],\"inLanguage\":\"de\"},{\"@type\":\"Organization\",\"@id\":\"https:\/\/psychotherapie-gruenwald.de\/site\/#organization\",\"name\":\"Psychotherapeutische Praxis Dr. Julia Gr\u00fcnwald\",\"url\":\"https:\/\/psychotherapie-gruenwald.de\/site\/\",\"logo\":{\"@type\":\"ImageObject\",\"inLanguage\":\"de\",\"@id\":\"https:\/\/psychotherapie-gruenwald.de\/site\/#\/schema\/logo\/image\/\",\"url\":\"https:\/\/psychotherapie-gruenwald.de\/site\/wp-content\/uploads\/2024\/10\/logo-linksbuendig.png\",\"contentUrl\":\"https:\/\/psychotherapie-gruenwald.de\/site\/wp-content\/uploads\/2024\/10\/logo-linksbuendig.png\",\"width\":434,\"height\":118,\"caption\":\"Psychotherapeutische Praxis Dr. Julia Gr\u00fcnwald\"},\"image\":{\"@id\":\"https:\/\/psychotherapie-gruenwald.de\/site\/#\/schema\/logo\/image\/\"}}]}<\/script>\n<!-- \/ Yoast SEO plugin. -->","yoast_head_json":{"title":"Impressum - Psychotherapeutische Praxis Dr. Julia Gr\u00fcnwald","robots":{"index":"index","follow":"follow","max-snippet":"max-snippet:-1","max-image-preview":"max-image-preview:large","max-video-preview":"max-video-preview:-1"},"canonical":"https:\/\/psychotherapie-gruenwald.de\/site\/impressum\/","og_locale":"de_DE","og_type":"article","og_title":"Impressum - Psychotherapeutische Praxis Dr. Julia Gr\u00fcnwald","og_description":"Psychotherapuetische Praxis Dr. Julia Gr\u00fcnwaldDr. rer. nat. Julia Gr\u00fcnwald07024 2981info@psychotherapie-gruenwald.dePfauhauser Str. 2673240 Wendlingen","og_url":"https:\/\/psychotherapie-gruenwald.de\/site\/impressum\/","og_site_name":"Psychotherapeutische Praxis Dr. Julia Gr\u00fcnwald","article_modified_time":"2024-10-17T10:28:44+00:00","twitter_card":"summary_large_image","schema":{"@context":"https:\/\/schema.org","@graph":[{"@type":"WebPage","@id":"https:\/\/psychotherapie-gruenwald.de\/site\/impressum\/","url":"https:\/\/psychotherapie-gruenwald.de\/site\/impressum\/","name":"Impressum - Psychotherapeutische Praxis Dr. Julia Gr\u00fcnwald","isPartOf":{"@id":"https:\/\/psychotherapie-gruenwald.de\/site\/#website"},"datePublished":"2024-10-14T06:18:59+00:00","dateModified":"2024-10-17T10:28:44+00:00","breadcrumb":{"@id":"https:\/\/psychotherapie-gruenwald.de\/site\/impressum\/#breadcrumb"},"inLanguage":"de","potentialAction":[{"@type":"ReadAction","target":["https:\/\/psychotherapie-gruenwald.de\/site\/impressum\/"]}]},{"@type":"BreadcrumbList","@id":"https:\/\/psychotherapie-gruenwald.de\/site\/impressum\/#breadcrumb","itemListElement":[{"@type":"ListItem","position":1,"name":"Startseite","item":"https:\/\/psychotherapie-gruenwald.de\/site\/"},{"@type":"ListItem","position":2,"name":"Impressum"}]},{"@type":"WebSite","@id":"https:\/\/psychotherapie-gruenwald.de\/site\/#website","url":"https:\/\/psychotherapie-gruenwald.de\/site\/","name":"Psychotherapeutische Praxis Dr. Julia Gr\u00fcnwald","description":"","publisher":{"@id":"https:\/\/psychotherapie-gruenwald.de\/site\/#organization"},"potentialAction":[{"@type":"SearchAction","target":{"@type":"EntryPoint","urlTemplate":"https:\/\/psychotherapie-gruenwald.de\/site\/?s={search_term_string}"},"query-input":{"@type":"PropertyValueSpecification","valueRequired":true,"valueName":"search_term_string"}}],"inLanguage":"de"},{"@type":"Organization","@id":"https:\/\/psychotherapie-gruenwald.de\/site\/#organization","name":"Psychotherapeutische Praxis Dr. Julia Gr\u00fcnwald","url":"https:\/\/psychotherapie-gruenwald.de\/site\/","logo":{"@type":"ImageObject","inLanguage":"de","@id":"https:\/\/psychotherapie-gruenwald.de\/site\/#\/schema\/logo\/image\/","url":"https:\/\/psychotherapie-gruenwald.de\/site\/wp-content\/uploads\/2024\/10\/logo-linksbuendig.png","contentUrl":"https:\/\/psychotherapie-gruenwald.de\/site\/wp-content\/uploads\/2024\/10\/logo-linksbuendig.png","width":434,"height":118,"caption":"Psychotherapeutische Praxis Dr. Julia Gr\u00fcnwald"},"image":{"@id":"https:\/\/psychotherapie-gruenwald.de\/site\/#\/schema\/logo\/image\/"}}]}},"_links":{"self":[{"href":"https:\/\/psychotherapie-gruenwald.de\/site\/wp-json\/wp\/v2\/pages\/11","targetHints":{"allow":["GET"]}}],"collection":[{"href":"https:\/\/psychotherapie-gruenwald.de\/site\/wp-json\/wp\/v2\/pages"}],"about":[{"href":"https:\/\/psychotherapie-gruenwald.de\/site\/wp-json\/wp\/v2\/types\/page"}],"author":[{"embeddable":true,"href":"https:\/\/psychotherapie-gruenwald.de\/site\/wp-json\/wp\/v2\/users\/1"}],"replies":[{"embeddable":true,"href":"https:\/\/psychotherapie-gruenwald.de\/site\/wp-json\/wp\/v2\/comments?post=11"}],"version-history":[{"count":3,"href":"https:\/\/psychotherapie-gruenwald.de\/site\/wp-json\/wp\/v2\/pages\/11\/revisions"}],"predecessor-version":[{"id":45,"href":"https:\/\/psychotherapie-gruenwald.de\/site\/wp-json\/wp\/v2\/pages\/11\/revisions\/45"}],"wp:attachment":[{"href":"https:\/\/psychotherapie-gruenwald.de\/site\/wp-json\/wp\/v2\/media?parent=11"}],"curies":[{"name":"wp","href":"https:\/\/api.w.org\/{rel}","templated":true}]}}