{"id":8,"date":"2024-10-14T08:15:38","date_gmt":"2024-10-14T06:15:38","guid":{"rendered":"https:\/\/psychotherapie-gruenwald.de\/site\/?page_id=8"},"modified":"2024-10-17T11:51:14","modified_gmt":"2024-10-17T09:51:14","slug":"home","status":"publish","type":"page","link":"https:\/\/psychotherapie-gruenwald.de\/site\/","title":{"rendered":"Home"},"content":{"rendered":"\n<p>Herzlich Willkommen auf der Website der Psychotherapeutischen Praxis Dr. Julia Gr\u00fcnwald in Wendlingen.<\/p>\n\n\n\n<figure class=\"wp-block-image size-full\"><img loading=\"lazy\" decoding=\"async\" width=\"291\" height=\"239\" src=\"https:\/\/psychotherapie-gruenwald.de\/site\/wp-content\/uploads\/2024\/10\/logo-mittelsatz.png\" alt=\"\" class=\"wp-image-42\"\/><\/figure>\n\n\n\n<p>Hier entsteht unsere neue Webpr\u00e4senz<\/p>\n\n\n\n<p>In K\u00fcrze finden Sie hier alle relevanten Informationen \u00fcber die Praxis und Therapiem\u00f6glichkeiten.<\/p>\n\n\n\n<p>Telefonische Informationen erhalten Sie unter:<br>07024 2981<\/p>\n","protected":false},"excerpt":{"rendered":"<p>Herzlich Willkommen auf der Website der Psychotherapeutischen Praxis Dr. Julia Gr\u00fcnwald in Wendlingen. Hier entsteht unsere neue Webpr\u00e4senz In K\u00fcrze finden Sie hier alle relevanten Informationen \u00fcber die Praxis und Therapiem\u00f6glichkeiten. Telefonische Informationen erhalten Sie unter:07024 2981<\/p>\n","protected":false},"author":1,"featured_media":0,"parent":0,"menu_order":0,"comment_status":"closed","ping_status":"closed","template":"","meta":{"footnotes":""},"class_list":["post-8","page","type-page","status-publish","hentry","entry"],"yoast_head":"<!-- This site is optimized with the Yoast SEO plugin v24.0 - https:\/\/yoast.com\/wordpress\/plugins\/seo\/ -->\n<title>Home - Psychotherapeutische Praxis Dr. Julia Gr\u00fcnwald<\/title>\n<meta name=\"robots\" content=\"index, follow, max-snippet:-1, max-image-preview:large, max-video-preview:-1\" \/>\n<link rel=\"canonical\" href=\"https:\/\/psychotherapie-gruenwald.de\/site\/\" \/>\n<meta property=\"og:locale\" content=\"de_DE\" \/>\n<meta property=\"og:type\" content=\"article\" \/>\n<meta property=\"og:title\" content=\"Home - Psychotherapeutische Praxis Dr. Julia Gr\u00fcnwald\" \/>\n<meta property=\"og:description\" content=\"Herzlich Willkommen auf der Website der Psychotherapeutischen Praxis Dr. Julia Gr\u00fcnwald in Wendlingen. Hier entsteht unsere neue Webpr\u00e4senz In K\u00fcrze finden Sie hier alle relevanten Informationen \u00fcber die Praxis und Therapiem\u00f6glichkeiten. Telefonische Informationen erhalten Sie unter:07024 2981\" \/>\n<meta property=\"og:url\" content=\"https:\/\/psychotherapie-gruenwald.de\/site\/\" \/>\n<meta property=\"og:site_name\" content=\"Psychotherapeutische Praxis Dr. Julia Gr\u00fcnwald\" \/>\n<meta property=\"article:modified_time\" content=\"2024-10-17T09:51:14+00:00\" \/>\n<meta property=\"og:image\" content=\"https:\/\/psychotherapie-gruenwald.de\/site\/wp-content\/uploads\/2024\/10\/logo-mittelsatz.png\" \/>\n\t<meta property=\"og:image:width\" content=\"291\" \/>\n\t<meta property=\"og:image:height\" content=\"239\" \/>\n\t<meta property=\"og:image:type\" content=\"image\/png\" \/>\n<meta name=\"twitter:card\" content=\"summary_large_image\" \/>\n<script type=\"application\/ld+json\" class=\"yoast-schema-graph\">{\"@context\":\"https:\/\/schema.org\",\"@graph\":[{\"@type\":\"WebPage\",\"@id\":\"https:\/\/psychotherapie-gruenwald.de\/site\/\",\"url\":\"https:\/\/psychotherapie-gruenwald.de\/site\/\",\"name\":\"Home - Psychotherapeutische Praxis Dr. Julia Gr\u00fcnwald\",\"isPartOf\":{\"@id\":\"https:\/\/psychotherapie-gruenwald.de\/site\/#website\"},\"primaryImageOfPage\":{\"@id\":\"https:\/\/psychotherapie-gruenwald.de\/site\/#primaryimage\"},\"image\":{\"@id\":\"https:\/\/psychotherapie-gruenwald.de\/site\/#primaryimage\"},\"thumbnailUrl\":\"https:\/\/psychotherapie-gruenwald.de\/site\/wp-content\/uploads\/2024\/10\/logo-mittelsatz.png\",\"datePublished\":\"2024-10-14T06:15:38+00:00\",\"dateModified\":\"2024-10-17T09:51:14+00:00\",\"breadcrumb\":{\"@id\":\"https:\/\/psychotherapie-gruenwald.de\/site\/#breadcrumb\"},\"inLanguage\":\"de\",\"potentialAction\":[{\"@type\":\"ReadAction\",\"target\":[\"https:\/\/psychotherapie-gruenwald.de\/site\/\"]}]},{\"@type\":\"ImageObject\",\"inLanguage\":\"de\",\"@id\":\"https:\/\/psychotherapie-gruenwald.de\/site\/#primaryimage\",\"url\":\"https:\/\/psychotherapie-gruenwald.de\/site\/wp-content\/uploads\/2024\/10\/logo-mittelsatz.png\",\"contentUrl\":\"https:\/\/psychotherapie-gruenwald.de\/site\/wp-content\/uploads\/2024\/10\/logo-mittelsatz.png\",\"width\":291,\"height\":239},{\"@type\":\"BreadcrumbList\",\"@id\":\"https:\/\/psychotherapie-gruenwald.de\/site\/#breadcrumb\",\"itemListElement\":[{\"@type\":\"ListItem\",\"position\":1,\"name\":\"Startseite\",\"item\":\"https:\/\/psychotherapie-gruenwald.de\/site\/\"},{\"@type\":\"ListItem\",\"position\":2,\"name\":\"Home\"}]},{\"@type\":\"WebSite\",\"@id\":\"https:\/\/psychotherapie-gruenwald.de\/site\/#website\",\"url\":\"https:\/\/psychotherapie-gruenwald.de\/site\/\",\"name\":\"Psychotherapeutische Praxis Dr. Julia Gr\u00fcnwald\",\"description\":\"\",\"publisher\":{\"@id\":\"https:\/\/psychotherapie-gruenwald.de\/site\/#organization\"},\"potentialAction\":[{\"@type\":\"SearchAction\",\"target\":{\"@type\":\"EntryPoint\",\"urlTemplate\":\"https:\/\/psychotherapie-gruenwald.de\/site\/?s={search_term_string}\"},\"query-input\":{\"@type\":\"PropertyValueSpecification\",\"valueRequired\":true,\"valueName\":\"search_term_string\"}}],\"inLanguage\":\"de\"},{\"@type\":\"Organization\",\"@id\":\"https:\/\/psychotherapie-gruenwald.de\/site\/#organization\",\"name\":\"Psychotherapeutische Praxis Dr. Julia Gr\u00fcnwald\",\"url\":\"https:\/\/psychotherapie-gruenwald.de\/site\/\",\"logo\":{\"@type\":\"ImageObject\",\"inLanguage\":\"de\",\"@id\":\"https:\/\/psychotherapie-gruenwald.de\/site\/#\/schema\/logo\/image\/\",\"url\":\"https:\/\/psychotherapie-gruenwald.de\/site\/wp-content\/uploads\/2024\/10\/logo-linksbuendig.png\",\"contentUrl\":\"https:\/\/psychotherapie-gruenwald.de\/site\/wp-content\/uploads\/2024\/10\/logo-linksbuendig.png\",\"width\":434,\"height\":118,\"caption\":\"Psychotherapeutische Praxis Dr. Julia Gr\u00fcnwald\"},\"image\":{\"@id\":\"https:\/\/psychotherapie-gruenwald.de\/site\/#\/schema\/logo\/image\/\"}}]}<\/script>\n<!-- \/ Yoast SEO plugin. -->","yoast_head_json":{"title":"Home - Psychotherapeutische Praxis Dr. Julia Gr\u00fcnwald","robots":{"index":"index","follow":"follow","max-snippet":"max-snippet:-1","max-image-preview":"max-image-preview:large","max-video-preview":"max-video-preview:-1"},"canonical":"https:\/\/psychotherapie-gruenwald.de\/site\/","og_locale":"de_DE","og_type":"article","og_title":"Home - Psychotherapeutische Praxis Dr. Julia Gr\u00fcnwald","og_description":"Herzlich Willkommen auf der Website der Psychotherapeutischen Praxis Dr. Julia Gr\u00fcnwald in Wendlingen. Hier entsteht unsere neue Webpr\u00e4senz In K\u00fcrze finden Sie hier alle relevanten Informationen \u00fcber die Praxis und Therapiem\u00f6glichkeiten. Telefonische Informationen erhalten Sie unter:07024 2981","og_url":"https:\/\/psychotherapie-gruenwald.de\/site\/","og_site_name":"Psychotherapeutische Praxis Dr. Julia Gr\u00fcnwald","article_modified_time":"2024-10-17T09:51:14+00:00","og_image":[{"width":291,"height":239,"url":"https:\/\/psychotherapie-gruenwald.de\/site\/wp-content\/uploads\/2024\/10\/logo-mittelsatz.png","type":"image\/png"}],"twitter_card":"summary_large_image","schema":{"@context":"https:\/\/schema.org","@graph":[{"@type":"WebPage","@id":"https:\/\/psychotherapie-gruenwald.de\/site\/","url":"https:\/\/psychotherapie-gruenwald.de\/site\/","name":"Home - Psychotherapeutische Praxis Dr. Julia Gr\u00fcnwald","isPartOf":{"@id":"https:\/\/psychotherapie-gruenwald.de\/site\/#website"},"primaryImageOfPage":{"@id":"https:\/\/psychotherapie-gruenwald.de\/site\/#primaryimage"},"image":{"@id":"https:\/\/psychotherapie-gruenwald.de\/site\/#primaryimage"},"thumbnailUrl":"https:\/\/psychotherapie-gruenwald.de\/site\/wp-content\/uploads\/2024\/10\/logo-mittelsatz.png","datePublished":"2024-10-14T06:15:38+00:00","dateModified":"2024-10-17T09:51:14+00:00","breadcrumb":{"@id":"https:\/\/psychotherapie-gruenwald.de\/site\/#breadcrumb"},"inLanguage":"de","potentialAction":[{"@type":"ReadAction","target":["https:\/\/psychotherapie-gruenwald.de\/site\/"]}]},{"@type":"ImageObject","inLanguage":"de","@id":"https:\/\/psychotherapie-gruenwald.de\/site\/#primaryimage","url":"https:\/\/psychotherapie-gruenwald.de\/site\/wp-content\/uploads\/2024\/10\/logo-mittelsatz.png","contentUrl":"https:\/\/psychotherapie-gruenwald.de\/site\/wp-content\/uploads\/2024\/10\/logo-mittelsatz.png","width":291,"height":239},{"@type":"BreadcrumbList","@id":"https:\/\/psychotherapie-gruenwald.de\/site\/#breadcrumb","itemListElement":[{"@type":"ListItem","position":1,"name":"Startseite","item":"https:\/\/psychotherapie-gruenwald.de\/site\/"},{"@type":"ListItem","position":2,"name":"Home"}]},{"@type":"WebSite","@id":"https:\/\/psychotherapie-gruenwald.de\/site\/#website","url":"https:\/\/psychotherapie-gruenwald.de\/site\/","name":"Psychotherapeutische Praxis Dr. Julia Gr\u00fcnwald","description":"","publisher":{"@id":"https:\/\/psychotherapie-gruenwald.de\/site\/#organization"},"potentialAction":[{"@type":"SearchAction","target":{"@type":"EntryPoint","urlTemplate":"https:\/\/psychotherapie-gruenwald.de\/site\/?s={search_term_string}"},"query-input":{"@type":"PropertyValueSpecification","valueRequired":true,"valueName":"search_term_string"}}],"inLanguage":"de"},{"@type":"Organization","@id":"https:\/\/psychotherapie-gruenwald.de\/site\/#organization","name":"Psychotherapeutische Praxis Dr. Julia Gr\u00fcnwald","url":"https:\/\/psychotherapie-gruenwald.de\/site\/","logo":{"@type":"ImageObject","inLanguage":"de","@id":"https:\/\/psychotherapie-gruenwald.de\/site\/#\/schema\/logo\/image\/","url":"https:\/\/psychotherapie-gruenwald.de\/site\/wp-content\/uploads\/2024\/10\/logo-linksbuendig.png","contentUrl":"https:\/\/psychotherapie-gruenwald.de\/site\/wp-content\/uploads\/2024\/10\/logo-linksbuendig.png","width":434,"height":118,"caption":"Psychotherapeutische Praxis Dr. Julia Gr\u00fcnwald"},"image":{"@id":"https:\/\/psychotherapie-gruenwald.de\/site\/#\/schema\/logo\/image\/"}}]}},"_links":{"self":[{"href":"https:\/\/psychotherapie-gruenwald.de\/site\/wp-json\/wp\/v2\/pages\/8","targetHints":{"allow":["GET"]}}],"collection":[{"href":"https:\/\/psychotherapie-gruenwald.de\/site\/wp-json\/wp\/v2\/pages"}],"about":[{"href":"https:\/\/psychotherapie-gruenwald.de\/site\/wp-json\/wp\/v2\/types\/page"}],"author":[{"embeddable":true,"href":"https:\/\/psychotherapie-gruenwald.de\/site\/wp-json\/wp\/v2\/users\/1"}],"replies":[{"embeddable":true,"href":"https:\/\/psychotherapie-gruenwald.de\/site\/wp-json\/wp\/v2\/comments?post=8"}],"version-history":[{"count":2,"href":"https:\/\/psychotherapie-gruenwald.de\/site\/wp-json\/wp\/v2\/pages\/8\/revisions"}],"predecessor-version":[{"id":44,"href":"https:\/\/psychotherapie-gruenwald.de\/site\/wp-json\/wp\/v2\/pages\/8\/revisions\/44"}],"wp:attachment":[{"href":"https:\/\/psychotherapie-gruenwald.de\/site\/wp-json\/wp\/v2\/media?parent=8"}],"curies":[{"name":"wp","href":"https:\/\/api.w.org\/{rel}","templated":true}]}}